{"id":407,"date":"2020-04-27T23:50:57","date_gmt":"2020-04-27T23:50:57","guid":{"rendered":"https:\/\/info.grupobci.com\/?page_id=407"},"modified":"2021-04-13T18:32:07","modified_gmt":"2021-04-13T18:32:07","slug":"descargar-manual-esencial-para-vivir-en-merida","status":"publish","type":"page","link":"https:\/\/info.grupobci.com\/index.php\/descargar-manual-esencial-para-vivir-en-merida\/","title":{"rendered":"Descargar manual esencial para vivir en M\u00e9rida"},"content":{"rendered":"\n<div class=\"wp-block-cover alignfull has-background-dim\"><img fetchpriority=\"high\" decoding=\"async\" width=\"1024\" height=\"394\" class=\"wp-block-cover__image-background wp-image-512\" alt=\"\" src=\"https:\/\/info.grupobci.com\/wp-content\/uploads\/2020\/04\/bci-lp-ebook-ebook-optimizacion-1024x394.jpg\" data-object-fit=\"cover\" srcset=\"https:\/\/info.grupobci.com\/wp-content\/uploads\/2020\/04\/bci-lp-ebook-ebook-optimizacion-1024x394.jpg 1024w, https:\/\/info.grupobci.com\/wp-content\/uploads\/2020\/04\/bci-lp-ebook-ebook-optimizacion-300x115.jpg 300w, https:\/\/info.grupobci.com\/wp-content\/uploads\/2020\/04\/bci-lp-ebook-ebook-optimizacion-768x295.jpg 768w, https:\/\/info.grupobci.com\/wp-content\/uploads\/2020\/04\/bci-lp-ebook-ebook-optimizacion.jpg 1300w\" sizes=\"(max-width: 1024px) 100vw, 1024px\" \/><div class=\"wp-block-cover__inner-container is-layout-flow wp-block-cover-is-layout-flow\">\n<h2 class=\"has-text-align-center has-text-color wp-block-heading\" style=\"color:#f9bf0f\">Descarga Gratis<\/h2>\n\n\n\n<hr class=\"wp-block-separator\"\/>\n\n\n\n<h1 class=\"has-text-align-center wp-block-heading\">Manual Esencial para<\/h1>\n\n\n\n<h1 class=\"has-text-align-center wp-block-heading\">Vivir en M\u00e9rida<\/h1>\n\n\n\n<hr class=\"wp-block-separator\"\/>\n\n\n\n<p><\/p>\n<\/div><\/div>\n\n\n\n<p><\/p>\n\n\n\n<div class=\"wp-block-columns is-layout-flex wp-container-core-columns-is-layout-1 wp-block-columns-is-layout-flex\">\n<div class=\"wp-block-column is-layout-flow wp-block-column-is-layout-flow\">\n<div class=\"wp-block-image\"><figure class=\"alignright size-large\"><img decoding=\"async\" width=\"385\" height=\"369\" src=\"https:\/\/info.grupobci.com\/wp-content\/uploads\/2020\/04\/lp-ebook-portada.jpg\" alt=\"\" class=\"wp-image-441\" srcset=\"https:\/\/info.grupobci.com\/wp-content\/uploads\/2020\/04\/lp-ebook-portada.jpg 385w, https:\/\/info.grupobci.com\/wp-content\/uploads\/2020\/04\/lp-ebook-portada-300x288.jpg 300w\" sizes=\"(max-width: 385px) 100vw, 385px\" \/><\/figure><\/div>\n<\/div>\n\n\n\n<div class=\"wp-block-column is-layout-flow wp-block-column-is-layout-flow\">\n<p>En este Manual esencial encontrar\u00e1s informaci\u00f3n relacionada sobre c\u00f3mo es vivir en M\u00e9rida y lo m\u00e1s importante, las zonas con mayor plusval\u00eda de la ciudad.<\/p>\n\n\n\n<div class=\"wp-block-buttons is-layout-flex wp-block-buttons-is-layout-flex\">\n<div class=\"wp-block-button\"><a class=\"wp-block-button__link has-neve-button-color-background-color has-background\" href=\"#DescargarGuia\">Descargar Manual<\/a><\/div>\n<\/div>\n\n\n\n<p><\/p>\n<\/div>\n<\/div>\n\n\n\n<p class=\"has-text-align-center has-medium-font-size\"><strong>Este Manual contiene informaci\u00f3n sobre:<\/strong><\/p>\n\n\n\n<div class=\"wp-block-columns is-layout-flex wp-container-core-columns-is-layout-2 wp-block-columns-is-layout-flex\">\n<div class=\"wp-block-column is-layout-flow wp-block-column-is-layout-flow\">\n<ul class=\"wp-block-list\"><li>Datos generales de M\u00e9rida.<\/li><li>Ventajas y desventajas de vivir en M\u00e9rida.<\/li><li>Zonas ideales para vivir en M\u00e9rida.<\/li><\/ul>\n<\/div>\n\n\n\n<div class=\"wp-block-column is-layout-flow wp-block-column-is-layout-flow\">\n<ul class=\"wp-block-list\"><li>\u00bfQu\u00e9 hacer en M\u00e9rida?<\/li><li>Oferta educativa.<\/li><li>Lista de servicios en la Ciudad.<\/li><\/ul>\n<\/div>\n<\/div>\n\n\n\n<div class=\"wp-block-buttons is-content-justification-center is-layout-flex wp-block-buttons-is-layout-flex\">\n<div class=\"wp-block-button\"><a class=\"wp-block-button__link has-neve-button-color-background-color has-background\" href=\"#DescargarGuia\">Descargar manual<\/a><\/div>\n<\/div>\n\n\n\n<p><\/p>\n\n\n\n<h2 class=\"has-text-align-center wp-block-heading\" id=\"DescargarGuia\">DESCARGAR GRATIS<\/h2>\n\n\n\n<p class=\"has-text-align-center\"><strong>Completa con tus datos y obt\u00e9n tu Manual<\/strong><\/p>\n\n\n\n<script type=\"text\/javascript\" src=\"https:\/\/clientify.net\/web-marketing\/webforms\/script\/44605.js\"><\/script>\n","protected":false},"excerpt":{"rendered":"<p>En este Manual esencial encontrar\u00e1s informaci\u00f3n relacionada sobre c\u00f3mo es vivir en M\u00e9rida y lo m\u00e1s importante, las zonas con mayor plusval\u00eda de la ciudad. Este Manual contiene informaci\u00f3n sobre: Datos generales de M\u00e9rida. Ventajas y desventajas de vivir en M\u00e9rida. Zonas ideales para vivir en M\u00e9rida. \u00bfQu\u00e9 hacer en M\u00e9rida? Oferta educativa. Lista de&hellip;&nbsp;<a href=\"https:\/\/info.grupobci.com\/index.php\/descargar-manual-esencial-para-vivir-en-merida\/\" class=\"\" rel=\"bookmark\">Leer m\u00e1s &raquo;<span class=\"screen-reader-text\">Descargar manual esencial para vivir en M\u00e9rida<\/span><\/a><\/p>\n","protected":false},"author":1,"featured_media":0,"parent":0,"menu_order":0,"comment_status":"closed","ping_status":"closed","template":"","meta":{"neve_meta_sidebar":"full-width","neve_meta_container":"","neve_meta_enable_content_width":"on","neve_meta_content_width":50,"neve_meta_title_alignment":"","neve_meta_author_avatar":"","neve_post_elements_order":"","neve_meta_disable_header":"","neve_meta_disable_footer":"","neve_meta_disable_title":"on","footnotes":""},"class_list":["post-407","page","type-page","status-publish","hentry"],"yoast_head":"<!-- This site is optimized with the Yoast SEO plugin v23.5 - https:\/\/yoast.com\/wordpress\/plugins\/seo\/ -->\n<title>Descargar manual esencial para vivir en M\u00e9rida - Blog de Inmobiliaria BCI<\/title>\n<meta name=\"robots\" content=\"index, follow, max-snippet:-1, max-image-preview:large, max-video-preview:-1\" \/>\n<link rel=\"canonical\" href=\"https:\/\/info.grupobci.com\/index.php\/descargar-manual-esencial-para-vivir-en-merida\/\" \/>\n<meta property=\"og:locale\" content=\"es_MX\" \/>\n<meta property=\"og:type\" content=\"article\" \/>\n<meta property=\"og:title\" content=\"Descargar manual esencial para vivir en M\u00e9rida - Blog de Inmobiliaria BCI\" \/>\n<meta property=\"og:description\" content=\"En este Manual esencial encontrar\u00e1s informaci\u00f3n relacionada sobre c\u00f3mo es vivir en M\u00e9rida y lo m\u00e1s importante, las zonas con mayor plusval\u00eda de la ciudad. Este Manual contiene informaci\u00f3n sobre: Datos generales de M\u00e9rida. Ventajas y desventajas de vivir en M\u00e9rida. Zonas ideales para vivir en M\u00e9rida. \u00bfQu\u00e9 hacer en M\u00e9rida? Oferta educativa. Lista de&hellip;&nbsp;Leer m\u00e1s &raquo;Descargar manual esencial para vivir en M\u00e9rida\" \/>\n<meta property=\"og:url\" content=\"https:\/\/info.grupobci.com\/index.php\/descargar-manual-esencial-para-vivir-en-merida\/\" \/>\n<meta property=\"og:site_name\" content=\"Blog de Inmobiliaria BCI\" \/>\n<meta property=\"article:publisher\" content=\"https:\/\/www.facebook.com\/inmobiliariabci\/\" \/>\n<meta property=\"article:modified_time\" content=\"2021-04-13T18:32:07+00:00\" \/>\n<meta property=\"og:image\" content=\"https:\/\/info.grupobci.com\/wp-content\/uploads\/2020\/04\/bci-lp-ebook-ebook-optimizacion-1024x394.jpg\" \/>\n<meta name=\"twitter:card\" content=\"summary_large_image\" \/>\n<script type=\"application\/ld+json\" class=\"yoast-schema-graph\">{\"@context\":\"https:\/\/schema.org\",\"@graph\":[{\"@type\":\"WebPage\",\"@id\":\"https:\/\/info.grupobci.com\/index.php\/descargar-manual-esencial-para-vivir-en-merida\/\",\"url\":\"https:\/\/info.grupobci.com\/index.php\/descargar-manual-esencial-para-vivir-en-merida\/\",\"name\":\"Descargar manual esencial para vivir en M\u00e9rida - Blog de Inmobiliaria BCI\",\"isPartOf\":{\"@id\":\"https:\/\/info.grupobci.com\/#website\"},\"primaryImageOfPage\":{\"@id\":\"https:\/\/info.grupobci.com\/index.php\/descargar-manual-esencial-para-vivir-en-merida\/#primaryimage\"},\"image\":{\"@id\":\"https:\/\/info.grupobci.com\/index.php\/descargar-manual-esencial-para-vivir-en-merida\/#primaryimage\"},\"thumbnailUrl\":\"https:\/\/info.grupobci.com\/wp-content\/uploads\/2020\/04\/bci-lp-ebook-ebook-optimizacion-1024x394.jpg\",\"datePublished\":\"2020-04-27T23:50:57+00:00\",\"dateModified\":\"2021-04-13T18:32:07+00:00\",\"breadcrumb\":{\"@id\":\"https:\/\/info.grupobci.com\/index.php\/descargar-manual-esencial-para-vivir-en-merida\/#breadcrumb\"},\"inLanguage\":\"es\",\"potentialAction\":[{\"@type\":\"ReadAction\",\"target\":[\"https:\/\/info.grupobci.com\/index.php\/descargar-manual-esencial-para-vivir-en-merida\/\"]}]},{\"@type\":\"ImageObject\",\"inLanguage\":\"es\",\"@id\":\"https:\/\/info.grupobci.com\/index.php\/descargar-manual-esencial-para-vivir-en-merida\/#primaryimage\",\"url\":\"https:\/\/info.grupobci.com\/wp-content\/uploads\/2020\/04\/bci-lp-ebook-ebook-optimizacion.jpg\",\"contentUrl\":\"https:\/\/info.grupobci.com\/wp-content\/uploads\/2020\/04\/bci-lp-ebook-ebook-optimizacion.jpg\",\"width\":1300,\"height\":500},{\"@type\":\"BreadcrumbList\",\"@id\":\"https:\/\/info.grupobci.com\/index.php\/descargar-manual-esencial-para-vivir-en-merida\/#breadcrumb\",\"itemListElement\":[{\"@type\":\"ListItem\",\"position\":1,\"name\":\"Inicio\",\"item\":\"https:\/\/info.grupobci.com\/\"},{\"@type\":\"ListItem\",\"position\":2,\"name\":\"Descargar manual esencial para vivir en M\u00e9rida\"}]},{\"@type\":\"WebSite\",\"@id\":\"https:\/\/info.grupobci.com\/#website\",\"url\":\"https:\/\/info.grupobci.com\/\",\"name\":\"Blog de Inmobiliaria BCI\",\"description\":\"Expertos inmobiliarios desde 1989 &lt;br&gt;Marcanos para mayor informaci\u00f3n\",\"publisher\":{\"@id\":\"https:\/\/info.grupobci.com\/#organization\"},\"potentialAction\":[{\"@type\":\"SearchAction\",\"target\":{\"@type\":\"EntryPoint\",\"urlTemplate\":\"https:\/\/info.grupobci.com\/?s={search_term_string}\"},\"query-input\":{\"@type\":\"PropertyValueSpecification\",\"valueRequired\":true,\"valueName\":\"search_term_string\"}}],\"inLanguage\":\"es\"},{\"@type\":\"Organization\",\"@id\":\"https:\/\/info.grupobci.com\/#organization\",\"name\":\"INMOBILIARIA BCI\",\"url\":\"https:\/\/info.grupobci.com\/\",\"logo\":{\"@type\":\"ImageObject\",\"inLanguage\":\"es\",\"@id\":\"https:\/\/info.grupobci.com\/#\/schema\/logo\/image\/\",\"url\":\"https:\/\/info.grupobci.com\/wp-content\/uploads\/2020\/04\/LogotipoInmobiliariaV3.png\",\"contentUrl\":\"https:\/\/info.grupobci.com\/wp-content\/uploads\/2020\/04\/LogotipoInmobiliariaV3.png\",\"width\":263,\"height\":134,\"caption\":\"INMOBILIARIA BCI\"},\"image\":{\"@id\":\"https:\/\/info.grupobci.com\/#\/schema\/logo\/image\/\"},\"sameAs\":[\"https:\/\/www.facebook.com\/inmobiliariabci\/\",\"https:\/\/www.instagram.com\/inmobiliariabci\/?hl=es-la\",\"https:\/\/www.youtube.com\/channel\/UCZXss3McZ-lknVILih5XIRA\"]}]}<\/script>\n<!-- \/ Yoast SEO plugin. -->","yoast_head_json":{"title":"Descargar manual esencial para vivir en M\u00e9rida - Blog de Inmobiliaria BCI","robots":{"index":"index","follow":"follow","max-snippet":"max-snippet:-1","max-image-preview":"max-image-preview:large","max-video-preview":"max-video-preview:-1"},"canonical":"https:\/\/info.grupobci.com\/index.php\/descargar-manual-esencial-para-vivir-en-merida\/","og_locale":"es_MX","og_type":"article","og_title":"Descargar manual esencial para vivir en M\u00e9rida - Blog de Inmobiliaria BCI","og_description":"En este Manual esencial encontrar\u00e1s informaci\u00f3n relacionada sobre c\u00f3mo es vivir en M\u00e9rida y lo m\u00e1s importante, las zonas con mayor plusval\u00eda de la ciudad. Este Manual contiene informaci\u00f3n sobre: Datos generales de M\u00e9rida. Ventajas y desventajas de vivir en M\u00e9rida. Zonas ideales para vivir en M\u00e9rida. \u00bfQu\u00e9 hacer en M\u00e9rida? Oferta educativa. Lista de&hellip;&nbsp;Leer m\u00e1s &raquo;Descargar manual esencial para vivir en M\u00e9rida","og_url":"https:\/\/info.grupobci.com\/index.php\/descargar-manual-esencial-para-vivir-en-merida\/","og_site_name":"Blog de Inmobiliaria BCI","article_publisher":"https:\/\/www.facebook.com\/inmobiliariabci\/","article_modified_time":"2021-04-13T18:32:07+00:00","og_image":[{"url":"https:\/\/info.grupobci.com\/wp-content\/uploads\/2020\/04\/bci-lp-ebook-ebook-optimizacion-1024x394.jpg"}],"twitter_card":"summary_large_image","schema":{"@context":"https:\/\/schema.org","@graph":[{"@type":"WebPage","@id":"https:\/\/info.grupobci.com\/index.php\/descargar-manual-esencial-para-vivir-en-merida\/","url":"https:\/\/info.grupobci.com\/index.php\/descargar-manual-esencial-para-vivir-en-merida\/","name":"Descargar manual esencial para vivir en M\u00e9rida - Blog de Inmobiliaria BCI","isPartOf":{"@id":"https:\/\/info.grupobci.com\/#website"},"primaryImageOfPage":{"@id":"https:\/\/info.grupobci.com\/index.php\/descargar-manual-esencial-para-vivir-en-merida\/#primaryimage"},"image":{"@id":"https:\/\/info.grupobci.com\/index.php\/descargar-manual-esencial-para-vivir-en-merida\/#primaryimage"},"thumbnailUrl":"https:\/\/info.grupobci.com\/wp-content\/uploads\/2020\/04\/bci-lp-ebook-ebook-optimizacion-1024x394.jpg","datePublished":"2020-04-27T23:50:57+00:00","dateModified":"2021-04-13T18:32:07+00:00","breadcrumb":{"@id":"https:\/\/info.grupobci.com\/index.php\/descargar-manual-esencial-para-vivir-en-merida\/#breadcrumb"},"inLanguage":"es","potentialAction":[{"@type":"ReadAction","target":["https:\/\/info.grupobci.com\/index.php\/descargar-manual-esencial-para-vivir-en-merida\/"]}]},{"@type":"ImageObject","inLanguage":"es","@id":"https:\/\/info.grupobci.com\/index.php\/descargar-manual-esencial-para-vivir-en-merida\/#primaryimage","url":"https:\/\/info.grupobci.com\/wp-content\/uploads\/2020\/04\/bci-lp-ebook-ebook-optimizacion.jpg","contentUrl":"https:\/\/info.grupobci.com\/wp-content\/uploads\/2020\/04\/bci-lp-ebook-ebook-optimizacion.jpg","width":1300,"height":500},{"@type":"BreadcrumbList","@id":"https:\/\/info.grupobci.com\/index.php\/descargar-manual-esencial-para-vivir-en-merida\/#breadcrumb","itemListElement":[{"@type":"ListItem","position":1,"name":"Inicio","item":"https:\/\/info.grupobci.com\/"},{"@type":"ListItem","position":2,"name":"Descargar manual esencial para vivir en M\u00e9rida"}]},{"@type":"WebSite","@id":"https:\/\/info.grupobci.com\/#website","url":"https:\/\/info.grupobci.com\/","name":"Blog de Inmobiliaria BCI","description":"Expertos inmobiliarios desde 1989 &lt;br&gt;Marcanos para mayor informaci\u00f3n","publisher":{"@id":"https:\/\/info.grupobci.com\/#organization"},"potentialAction":[{"@type":"SearchAction","target":{"@type":"EntryPoint","urlTemplate":"https:\/\/info.grupobci.com\/?s={search_term_string}"},"query-input":{"@type":"PropertyValueSpecification","valueRequired":true,"valueName":"search_term_string"}}],"inLanguage":"es"},{"@type":"Organization","@id":"https:\/\/info.grupobci.com\/#organization","name":"INMOBILIARIA BCI","url":"https:\/\/info.grupobci.com\/","logo":{"@type":"ImageObject","inLanguage":"es","@id":"https:\/\/info.grupobci.com\/#\/schema\/logo\/image\/","url":"https:\/\/info.grupobci.com\/wp-content\/uploads\/2020\/04\/LogotipoInmobiliariaV3.png","contentUrl":"https:\/\/info.grupobci.com\/wp-content\/uploads\/2020\/04\/LogotipoInmobiliariaV3.png","width":263,"height":134,"caption":"INMOBILIARIA BCI"},"image":{"@id":"https:\/\/info.grupobci.com\/#\/schema\/logo\/image\/"},"sameAs":["https:\/\/www.facebook.com\/inmobiliariabci\/","https:\/\/www.instagram.com\/inmobiliariabci\/?hl=es-la","https:\/\/www.youtube.com\/channel\/UCZXss3McZ-lknVILih5XIRA"]}]}},"_links":{"self":[{"href":"https:\/\/info.grupobci.com\/index.php\/wp-json\/wp\/v2\/pages\/407"}],"collection":[{"href":"https:\/\/info.grupobci.com\/index.php\/wp-json\/wp\/v2\/pages"}],"about":[{"href":"https:\/\/info.grupobci.com\/index.php\/wp-json\/wp\/v2\/types\/page"}],"author":[{"embeddable":true,"href":"https:\/\/info.grupobci.com\/index.php\/wp-json\/wp\/v2\/users\/1"}],"replies":[{"embeddable":true,"href":"https:\/\/info.grupobci.com\/index.php\/wp-json\/wp\/v2\/comments?post=407"}],"version-history":[{"count":12,"href":"https:\/\/info.grupobci.com\/index.php\/wp-json\/wp\/v2\/pages\/407\/revisions"}],"predecessor-version":[{"id":531,"href":"https:\/\/info.grupobci.com\/index.php\/wp-json\/wp\/v2\/pages\/407\/revisions\/531"}],"wp:attachment":[{"href":"https:\/\/info.grupobci.com\/index.php\/wp-json\/wp\/v2\/media?parent=407"}],"curies":[{"name":"wp","href":"https:\/\/api.w.org\/{rel}","templated":true}]}}