{"id":403,"date":"2020-04-27T23:47:46","date_gmt":"2020-04-27T23:47:46","guid":{"rendered":"https:\/\/info.grupobci.com\/?page_id=403"},"modified":"2021-04-13T18:15:13","modified_gmt":"2021-04-13T18:15:13","slug":"descargar-guia-para-comprar-casa-en-merida","status":"publish","type":"page","link":"https:\/\/info.grupobci.com\/index.php\/descargar-guia-para-comprar-casa-en-merida\/","title":{"rendered":"Descargar gu\u00eda para comprar casa en M\u00e9rida"},"content":{"rendered":"\n<div class=\"wp-block-cover alignfull has-background-dim\"><img fetchpriority=\"high\" decoding=\"async\" width=\"1024\" height=\"394\" class=\"wp-block-cover__image-background wp-image-474\" alt=\"\" src=\"https:\/\/info.grupobci.com\/wp-content\/uploads\/2020\/04\/bci-lp-ebook-casas-en-venta-hero-1024x394.jpg\" style=\"object-position:47% 60%\" data-object-fit=\"cover\" data-object-position=\"47% 60%\" srcset=\"https:\/\/info.grupobci.com\/wp-content\/uploads\/2020\/04\/bci-lp-ebook-casas-en-venta-hero-1024x394.jpg 1024w, https:\/\/info.grupobci.com\/wp-content\/uploads\/2020\/04\/bci-lp-ebook-casas-en-venta-hero-300x115.jpg 300w, https:\/\/info.grupobci.com\/wp-content\/uploads\/2020\/04\/bci-lp-ebook-casas-en-venta-hero-768x295.jpg 768w, https:\/\/info.grupobci.com\/wp-content\/uploads\/2020\/04\/bci-lp-ebook-casas-en-venta-hero.jpg 1300w\" sizes=\"(max-width: 1024px) 100vw, 1024px\" \/><div class=\"wp-block-cover__inner-container is-layout-flow wp-block-cover-is-layout-flow\">\n<h2 class=\"has-text-align-center has-text-color wp-block-heading\" style=\"color:#f9bf0f\"><strong>Descarga Gratis<\/strong><\/h2>\n\n\n\n<hr class=\"wp-block-separator\"\/>\n\n\n\n<h1 class=\"has-text-align-center wp-block-heading\">Gu\u00eda para comprar casa en M\u00e9rida: <\/h1>\n\n\n\n<h1 class=\"has-text-align-center wp-block-heading\">Todo lo que necesitas para tomar la mejor decisi\u00f3n.<\/h1>\n\n\n\n<hr class=\"wp-block-separator\"\/>\n\n\n\n<p><\/p>\n<\/div><\/div>\n\n\n\n<p><\/p>\n\n\n\n<div class=\"wp-block-columns is-layout-flex wp-container-core-columns-is-layout-1 wp-block-columns-is-layout-flex\">\n<div class=\"wp-block-column is-layout-flow wp-block-column-is-layout-flow\">\n<div class=\"wp-block-image\"><figure class=\"alignright size-large\"><img decoding=\"async\" width=\"244\" height=\"400\" src=\"https:\/\/info.grupobci.com\/wp-content\/uploads\/2020\/04\/montaje-ebook-guia-comprar-casa-en-merida.png\" alt=\"\" class=\"wp-image-356\" srcset=\"https:\/\/info.grupobci.com\/wp-content\/uploads\/2020\/04\/montaje-ebook-guia-comprar-casa-en-merida.png 244w, https:\/\/info.grupobci.com\/wp-content\/uploads\/2020\/04\/montaje-ebook-guia-comprar-casa-en-merida-183x300.png 183w\" sizes=\"(max-width: 244px) 100vw, 244px\" \/><\/figure><\/div>\n<\/div>\n\n\n\n<div class=\"wp-block-column is-vertically-aligned-center is-layout-flow wp-block-column-is-layout-flow\">\n<p>Si has pensado en comprar una casa en M\u00e9rida, en el siguiente gu\u00eda te decimos cu\u00e1les son las cosas que debes considerar antes de hacerlo.<\/p>\n\n\n\n<div class=\"wp-block-buttons is-layout-flex wp-block-buttons-is-layout-flex\">\n<div class=\"wp-block-button\"><a class=\"wp-block-button__link has-neve-button-color-background-color has-background\" href=\"#DescargarGuia\">Descargar Gu\u00eda<\/a><\/div>\n<\/div>\n\n\n\n<p><\/p>\n<\/div>\n<\/div>\n\n\n\n<p class=\"has-text-align-center\"><\/p>\n\n\n\n<p class=\"has-text-align-center has-medium-font-size\"><strong>Esta gu\u00eda contiene informaci\u00f3n sobre:<\/strong><\/p>\n\n\n\n<div class=\"wp-block-columns are-vertically-aligned-center is-layout-flex wp-container-core-columns-is-layout-2 wp-block-columns-is-layout-flex\">\n<div class=\"wp-block-column is-vertically-aligned-center is-layout-flow wp-block-column-is-layout-flow\">\n<ul class=\"wp-block-list\"><li>Mejores zonas para vivir en M\u00e9rida.<\/li><li>Plusval\u00eda en M\u00e9rida.<\/li><li>Precio del m2 en M\u00e9rida.<\/li><\/ul>\n<\/div>\n\n\n\n<div class=\"wp-block-column is-vertically-aligned-center is-layout-flow wp-block-column-is-layout-flow\">\n<ul class=\"wp-block-list\"><li>\u00bfCu\u00e1nto cuesta una casa en M\u00e9rida?<\/li><li>Desarrollos Inmobiliarios en M\u00e9rida.<\/li><li>\u00bfPor qu\u00e9 comprar una casa en M\u00e9rida?<\/li><\/ul>\n<\/div>\n<\/div>\n\n\n\n<div class=\"wp-block-buttons is-content-justification-center is-layout-flex wp-block-buttons-is-layout-flex\">\n<div class=\"wp-block-button\"><a class=\"wp-block-button__link has-neve-button-color-background-color has-background\" href=\"#DescargarGuia\">Descargar gu\u00eda<\/a><\/div>\n<\/div>\n\n\n\n<p><\/p>\n\n\n\n<p><\/p>\n\n\n\n<h2 class=\"has-text-align-center wp-block-heading\" id=\"DescargarGuia\">DESCARGAR GRATIS<\/h2>\n\n\n\n<p class=\"has-text-align-center\"><strong>Completa con tus datos y obt\u00e9n tu Gu\u00eda<\/strong><\/p>\n\n\n\n<script type=\"text\/javascript\" src=\"https:\/\/clientify.net\/web-marketing\/webforms\/script\/39058.js\"><\/script>\n","protected":false},"excerpt":{"rendered":"<p>Si has pensado en comprar una casa en M\u00e9rida, en el siguiente gu\u00eda te decimos cu\u00e1les son las cosas que debes considerar antes de hacerlo. Esta gu\u00eda contiene informaci\u00f3n sobre: Mejores zonas para vivir en M\u00e9rida. Plusval\u00eda en M\u00e9rida. Precio del m2 en M\u00e9rida. \u00bfCu\u00e1nto cuesta una casa en M\u00e9rida? Desarrollos Inmobiliarios en M\u00e9rida. \u00bfPor&hellip;&nbsp;<a href=\"https:\/\/info.grupobci.com\/index.php\/descargar-guia-para-comprar-casa-en-merida\/\" class=\"\" rel=\"bookmark\">Leer m\u00e1s &raquo;<span class=\"screen-reader-text\">Descargar gu\u00eda para comprar casa en M\u00e9rida<\/span><\/a><\/p>\n","protected":false},"author":1,"featured_media":0,"parent":0,"menu_order":0,"comment_status":"closed","ping_status":"closed","template":"","meta":{"neve_meta_sidebar":"full-width","neve_meta_container":"","neve_meta_enable_content_width":"on","neve_meta_content_width":50,"neve_meta_title_alignment":"","neve_meta_author_avatar":"","neve_post_elements_order":"","neve_meta_disable_header":"","neve_meta_disable_footer":"","neve_meta_disable_title":"on","footnotes":""},"class_list":["post-403","page","type-page","status-publish","hentry"],"yoast_head":"<!-- This site is optimized with the Yoast SEO plugin v23.5 - https:\/\/yoast.com\/wordpress\/plugins\/seo\/ -->\n<title>Descargar gu\u00eda para comprar casa en M\u00e9rida - Blog de Inmobiliaria BCI<\/title>\n<meta name=\"robots\" content=\"index, follow, max-snippet:-1, max-image-preview:large, max-video-preview:-1\" \/>\n<link rel=\"canonical\" href=\"https:\/\/info.grupobci.com\/index.php\/descargar-guia-para-comprar-casa-en-merida\/\" \/>\n<meta property=\"og:locale\" content=\"es_MX\" \/>\n<meta property=\"og:type\" content=\"article\" \/>\n<meta property=\"og:title\" content=\"Descargar gu\u00eda para comprar casa en M\u00e9rida - Blog de Inmobiliaria BCI\" \/>\n<meta property=\"og:description\" content=\"Si has pensado en comprar una casa en M\u00e9rida, en el siguiente gu\u00eda te decimos cu\u00e1les son las cosas que debes considerar antes de hacerlo. Esta gu\u00eda contiene informaci\u00f3n sobre: Mejores zonas para vivir en M\u00e9rida. Plusval\u00eda en M\u00e9rida. Precio del m2 en M\u00e9rida. \u00bfCu\u00e1nto cuesta una casa en M\u00e9rida? Desarrollos Inmobiliarios en M\u00e9rida. \u00bfPor&hellip;&nbsp;Leer m\u00e1s &raquo;Descargar gu\u00eda para comprar casa en M\u00e9rida\" \/>\n<meta property=\"og:url\" content=\"https:\/\/info.grupobci.com\/index.php\/descargar-guia-para-comprar-casa-en-merida\/\" \/>\n<meta property=\"og:site_name\" content=\"Blog de Inmobiliaria BCI\" \/>\n<meta property=\"article:publisher\" content=\"https:\/\/www.facebook.com\/inmobiliariabci\/\" \/>\n<meta property=\"article:modified_time\" content=\"2021-04-13T18:15:13+00:00\" \/>\n<meta property=\"og:image\" content=\"https:\/\/info.grupobci.com\/wp-content\/uploads\/2020\/04\/bci-lp-ebook-casas-en-venta-hero-1024x394.jpg\" \/>\n<meta name=\"twitter:card\" content=\"summary_large_image\" \/>\n<meta name=\"twitter:label1\" content=\"Tiempo de lectura\" \/>\n\t<meta name=\"twitter:data1\" content=\"1 minuto\" \/>\n<script type=\"application\/ld+json\" class=\"yoast-schema-graph\">{\"@context\":\"https:\/\/schema.org\",\"@graph\":[{\"@type\":\"WebPage\",\"@id\":\"https:\/\/info.grupobci.com\/index.php\/descargar-guia-para-comprar-casa-en-merida\/\",\"url\":\"https:\/\/info.grupobci.com\/index.php\/descargar-guia-para-comprar-casa-en-merida\/\",\"name\":\"Descargar gu\u00eda para comprar casa en M\u00e9rida - Blog de Inmobiliaria BCI\",\"isPartOf\":{\"@id\":\"https:\/\/info.grupobci.com\/#website\"},\"primaryImageOfPage\":{\"@id\":\"https:\/\/info.grupobci.com\/index.php\/descargar-guia-para-comprar-casa-en-merida\/#primaryimage\"},\"image\":{\"@id\":\"https:\/\/info.grupobci.com\/index.php\/descargar-guia-para-comprar-casa-en-merida\/#primaryimage\"},\"thumbnailUrl\":\"https:\/\/info.grupobci.com\/wp-content\/uploads\/2020\/04\/bci-lp-ebook-casas-en-venta-hero-1024x394.jpg\",\"datePublished\":\"2020-04-27T23:47:46+00:00\",\"dateModified\":\"2021-04-13T18:15:13+00:00\",\"breadcrumb\":{\"@id\":\"https:\/\/info.grupobci.com\/index.php\/descargar-guia-para-comprar-casa-en-merida\/#breadcrumb\"},\"inLanguage\":\"es\",\"potentialAction\":[{\"@type\":\"ReadAction\",\"target\":[\"https:\/\/info.grupobci.com\/index.php\/descargar-guia-para-comprar-casa-en-merida\/\"]}]},{\"@type\":\"ImageObject\",\"inLanguage\":\"es\",\"@id\":\"https:\/\/info.grupobci.com\/index.php\/descargar-guia-para-comprar-casa-en-merida\/#primaryimage\",\"url\":\"https:\/\/info.grupobci.com\/wp-content\/uploads\/2020\/04\/bci-lp-ebook-casas-en-venta-hero.jpg\",\"contentUrl\":\"https:\/\/info.grupobci.com\/wp-content\/uploads\/2020\/04\/bci-lp-ebook-casas-en-venta-hero.jpg\",\"width\":1300,\"height\":500},{\"@type\":\"BreadcrumbList\",\"@id\":\"https:\/\/info.grupobci.com\/index.php\/descargar-guia-para-comprar-casa-en-merida\/#breadcrumb\",\"itemListElement\":[{\"@type\":\"ListItem\",\"position\":1,\"name\":\"Inicio\",\"item\":\"https:\/\/info.grupobci.com\/\"},{\"@type\":\"ListItem\",\"position\":2,\"name\":\"Descargar gu\u00eda para comprar casa en M\u00e9rida\"}]},{\"@type\":\"WebSite\",\"@id\":\"https:\/\/info.grupobci.com\/#website\",\"url\":\"https:\/\/info.grupobci.com\/\",\"name\":\"Blog de Inmobiliaria BCI\",\"description\":\"Expertos inmobiliarios desde 1989 &lt;br&gt;Marcanos para mayor informaci\u00f3n\",\"publisher\":{\"@id\":\"https:\/\/info.grupobci.com\/#organization\"},\"potentialAction\":[{\"@type\":\"SearchAction\",\"target\":{\"@type\":\"EntryPoint\",\"urlTemplate\":\"https:\/\/info.grupobci.com\/?s={search_term_string}\"},\"query-input\":{\"@type\":\"PropertyValueSpecification\",\"valueRequired\":true,\"valueName\":\"search_term_string\"}}],\"inLanguage\":\"es\"},{\"@type\":\"Organization\",\"@id\":\"https:\/\/info.grupobci.com\/#organization\",\"name\":\"INMOBILIARIA BCI\",\"url\":\"https:\/\/info.grupobci.com\/\",\"logo\":{\"@type\":\"ImageObject\",\"inLanguage\":\"es\",\"@id\":\"https:\/\/info.grupobci.com\/#\/schema\/logo\/image\/\",\"url\":\"https:\/\/info.grupobci.com\/wp-content\/uploads\/2020\/04\/LogotipoInmobiliariaV3.png\",\"contentUrl\":\"https:\/\/info.grupobci.com\/wp-content\/uploads\/2020\/04\/LogotipoInmobiliariaV3.png\",\"width\":263,\"height\":134,\"caption\":\"INMOBILIARIA BCI\"},\"image\":{\"@id\":\"https:\/\/info.grupobci.com\/#\/schema\/logo\/image\/\"},\"sameAs\":[\"https:\/\/www.facebook.com\/inmobiliariabci\/\",\"https:\/\/www.instagram.com\/inmobiliariabci\/?hl=es-la\",\"https:\/\/www.youtube.com\/channel\/UCZXss3McZ-lknVILih5XIRA\"]}]}<\/script>\n<!-- \/ Yoast SEO plugin. -->","yoast_head_json":{"title":"Descargar gu\u00eda para comprar casa en M\u00e9rida - Blog de Inmobiliaria BCI","robots":{"index":"index","follow":"follow","max-snippet":"max-snippet:-1","max-image-preview":"max-image-preview:large","max-video-preview":"max-video-preview:-1"},"canonical":"https:\/\/info.grupobci.com\/index.php\/descargar-guia-para-comprar-casa-en-merida\/","og_locale":"es_MX","og_type":"article","og_title":"Descargar gu\u00eda para comprar casa en M\u00e9rida - Blog de Inmobiliaria BCI","og_description":"Si has pensado en comprar una casa en M\u00e9rida, en el siguiente gu\u00eda te decimos cu\u00e1les son las cosas que debes considerar antes de hacerlo. Esta gu\u00eda contiene informaci\u00f3n sobre: Mejores zonas para vivir en M\u00e9rida. Plusval\u00eda en M\u00e9rida. Precio del m2 en M\u00e9rida. \u00bfCu\u00e1nto cuesta una casa en M\u00e9rida? Desarrollos Inmobiliarios en M\u00e9rida. \u00bfPor&hellip;&nbsp;Leer m\u00e1s &raquo;Descargar gu\u00eda para comprar casa en M\u00e9rida","og_url":"https:\/\/info.grupobci.com\/index.php\/descargar-guia-para-comprar-casa-en-merida\/","og_site_name":"Blog de Inmobiliaria BCI","article_publisher":"https:\/\/www.facebook.com\/inmobiliariabci\/","article_modified_time":"2021-04-13T18:15:13+00:00","og_image":[{"url":"https:\/\/info.grupobci.com\/wp-content\/uploads\/2020\/04\/bci-lp-ebook-casas-en-venta-hero-1024x394.jpg"}],"twitter_card":"summary_large_image","twitter_misc":{"Tiempo de lectura":"1 minuto"},"schema":{"@context":"https:\/\/schema.org","@graph":[{"@type":"WebPage","@id":"https:\/\/info.grupobci.com\/index.php\/descargar-guia-para-comprar-casa-en-merida\/","url":"https:\/\/info.grupobci.com\/index.php\/descargar-guia-para-comprar-casa-en-merida\/","name":"Descargar gu\u00eda para comprar casa en M\u00e9rida - Blog de Inmobiliaria BCI","isPartOf":{"@id":"https:\/\/info.grupobci.com\/#website"},"primaryImageOfPage":{"@id":"https:\/\/info.grupobci.com\/index.php\/descargar-guia-para-comprar-casa-en-merida\/#primaryimage"},"image":{"@id":"https:\/\/info.grupobci.com\/index.php\/descargar-guia-para-comprar-casa-en-merida\/#primaryimage"},"thumbnailUrl":"https:\/\/info.grupobci.com\/wp-content\/uploads\/2020\/04\/bci-lp-ebook-casas-en-venta-hero-1024x394.jpg","datePublished":"2020-04-27T23:47:46+00:00","dateModified":"2021-04-13T18:15:13+00:00","breadcrumb":{"@id":"https:\/\/info.grupobci.com\/index.php\/descargar-guia-para-comprar-casa-en-merida\/#breadcrumb"},"inLanguage":"es","potentialAction":[{"@type":"ReadAction","target":["https:\/\/info.grupobci.com\/index.php\/descargar-guia-para-comprar-casa-en-merida\/"]}]},{"@type":"ImageObject","inLanguage":"es","@id":"https:\/\/info.grupobci.com\/index.php\/descargar-guia-para-comprar-casa-en-merida\/#primaryimage","url":"https:\/\/info.grupobci.com\/wp-content\/uploads\/2020\/04\/bci-lp-ebook-casas-en-venta-hero.jpg","contentUrl":"https:\/\/info.grupobci.com\/wp-content\/uploads\/2020\/04\/bci-lp-ebook-casas-en-venta-hero.jpg","width":1300,"height":500},{"@type":"BreadcrumbList","@id":"https:\/\/info.grupobci.com\/index.php\/descargar-guia-para-comprar-casa-en-merida\/#breadcrumb","itemListElement":[{"@type":"ListItem","position":1,"name":"Inicio","item":"https:\/\/info.grupobci.com\/"},{"@type":"ListItem","position":2,"name":"Descargar gu\u00eda para comprar casa en M\u00e9rida"}]},{"@type":"WebSite","@id":"https:\/\/info.grupobci.com\/#website","url":"https:\/\/info.grupobci.com\/","name":"Blog de Inmobiliaria BCI","description":"Expertos inmobiliarios desde 1989 &lt;br&gt;Marcanos para mayor informaci\u00f3n","publisher":{"@id":"https:\/\/info.grupobci.com\/#organization"},"potentialAction":[{"@type":"SearchAction","target":{"@type":"EntryPoint","urlTemplate":"https:\/\/info.grupobci.com\/?s={search_term_string}"},"query-input":{"@type":"PropertyValueSpecification","valueRequired":true,"valueName":"search_term_string"}}],"inLanguage":"es"},{"@type":"Organization","@id":"https:\/\/info.grupobci.com\/#organization","name":"INMOBILIARIA BCI","url":"https:\/\/info.grupobci.com\/","logo":{"@type":"ImageObject","inLanguage":"es","@id":"https:\/\/info.grupobci.com\/#\/schema\/logo\/image\/","url":"https:\/\/info.grupobci.com\/wp-content\/uploads\/2020\/04\/LogotipoInmobiliariaV3.png","contentUrl":"https:\/\/info.grupobci.com\/wp-content\/uploads\/2020\/04\/LogotipoInmobiliariaV3.png","width":263,"height":134,"caption":"INMOBILIARIA BCI"},"image":{"@id":"https:\/\/info.grupobci.com\/#\/schema\/logo\/image\/"},"sameAs":["https:\/\/www.facebook.com\/inmobiliariabci\/","https:\/\/www.instagram.com\/inmobiliariabci\/?hl=es-la","https:\/\/www.youtube.com\/channel\/UCZXss3McZ-lknVILih5XIRA"]}]}},"_links":{"self":[{"href":"https:\/\/info.grupobci.com\/index.php\/wp-json\/wp\/v2\/pages\/403"}],"collection":[{"href":"https:\/\/info.grupobci.com\/index.php\/wp-json\/wp\/v2\/pages"}],"about":[{"href":"https:\/\/info.grupobci.com\/index.php\/wp-json\/wp\/v2\/types\/page"}],"author":[{"embeddable":true,"href":"https:\/\/info.grupobci.com\/index.php\/wp-json\/wp\/v2\/users\/1"}],"replies":[{"embeddable":true,"href":"https:\/\/info.grupobci.com\/index.php\/wp-json\/wp\/v2\/comments?post=403"}],"version-history":[{"count":35,"href":"https:\/\/info.grupobci.com\/index.php\/wp-json\/wp\/v2\/pages\/403\/revisions"}],"predecessor-version":[{"id":527,"href":"https:\/\/info.grupobci.com\/index.php\/wp-json\/wp\/v2\/pages\/403\/revisions\/527"}],"wp:attachment":[{"href":"https:\/\/info.grupobci.com\/index.php\/wp-json\/wp\/v2\/media?parent=403"}],"curies":[{"name":"wp","href":"https:\/\/api.w.org\/{rel}","templated":true}]}}